{"id":3541,"date":"2014-12-11T17:50:51","date_gmt":"2014-12-11T16:50:51","guid":{"rendered":"https:\/\/undsgn.com\/uncode\/?page_id=3541"},"modified":"2024-05-27T17:04:10","modified_gmt":"2024-05-27T20:04:10","slug":"empresa","status":"publish","type":"page","link":"https:\/\/galvylam.com\/index.php\/pages\/empresa\/","title":{"rendered":"EMPRESA"},"content":{"rendered":"<p>[vc_row row_height_percent=\u00bb0&#8243; override_padding=\u00bbyes\u00bb h_padding=\u00bb2&#8243; top_padding=\u00bb5&#8243; bottom_padding=\u00bb5&#8243; overlay_alpha=\u00bb50&#8243; gutter_size=\u00bb4&#8243; column_width_percent=\u00bb100&#8243; shift_y=\u00bb0&#8243; z_index=\u00bb1&#8243; top_divider=\u00bbgradient\u00bb bottom_divider=\u00bbgradient\u00bb][vc_column column_width_percent=\u00bb100&#8243; gutter_size=\u00bb2&#8243; overlay_alpha=\u00bb50&#8243; shift_x=\u00bb0&#8243; shift_y=\u00bb0&#8243; shift_y_down=\u00bb0&#8243; z_index=\u00bb0&#8243; medium_width=\u00bb0&#8243; mobile_width=\u00bb0&#8243; width=\u00bb1\/4&#8243;][vc_custom_heading text_color=\u00bbaccent\u00bb heading_semantic=\u00bbh6&#8243; text_font=\u00bbfont-136269&#8243; text_size=\u00bbfontsize-160000&#8243; text_transform=\u00bbuppercase\u00bb text_space=\u00bbfontspace-135905&#8243; uncode_shortcode_id=\u00bb189730&#8243; text_color_type=\u00bbuncode-palette\u00bb]Empresa[\/vc_custom_heading][vc_custom_heading heading_semantic=\u00bbh3&#8243; text_font=\u00bbfont-136269&#8243; text_size=\u00bbh3&#8243; text_weight=\u00bb400&#8243; text_height=\u00bbfontheight-357766&#8243; text_space=\u00bbfontspace-781688&#8243; uncode_shortcode_id=\u00bb921285&#8243;]<span style=\"font-weight: 400;\">Somos una empresa nacional, nacida hace m\u00e1s de 50 a\u00f1os en Buenos Aires, Argentina.<\/span>[\/vc_custom_heading][\/vc_column][vc_column width=\u00bb1\/4&#8243;][vc_single_image media=\u00bb118247&#8243; media_width_percent=\u00bb100&#8243; uncode_shortcode_id=\u00bb797729&#8243;][vc_column_text uncode_shortcode_id=\u00bb107763&#8243;]<strong>Adri\u00e1n Alejandro Cabre Bassas<\/strong><br \/>\nPresidente[\/vc_column_text][\/vc_column][vc_column column_width_percent=\u00bb100&#8243; gutter_size=\u00bb3&#8243; font_family=\u00bbfont-136269&#8243; overlay_alpha=\u00bb50&#8243; shift_x=\u00bb0&#8243; shift_y=\u00bb0&#8243; shift_y_down=\u00bb0&#8243; z_index=\u00bb0&#8243; medium_width=\u00bb0&#8243; mobile_width=\u00bb0&#8243; width=\u00bb1\/4&#8243; uncode_shortcode_id=\u00bb139508&#8243;][vc_column_text uncode_shortcode_id=\u00bb571559&#8243;]<span style=\"font-weight: 400;\">Desde los tiempos de su fundaci\u00f3n por Don Juan Carlos Cabre Bassas, hasta hoy, con su actual Director, Adri\u00e1n Cabre Bassas, nos hemos orientado a satisfacer las necesidades de la construcci\u00f3n industrializada, la construcci\u00f3n met\u00e1lica y la industria metal\u00fargica.\u00a0<\/span><\/p>\n<p><span style=\"font-weight: 400;\">Proveemos a estas industrias con productos de acero galvanizado, perfiles estructurales, y la m\u00e1s amplia gama de materiales para la construcci\u00f3n en Steel Frame.<\/span>[\/vc_column_text][\/vc_column][vc_column column_width_percent=\u00bb100&#8243; gutter_size=\u00bb3&#8243; font_family=\u00bbfont-136269&#8243; overlay_alpha=\u00bb50&#8243; shift_x=\u00bb0&#8243; shift_y=\u00bb0&#8243; shift_y_down=\u00bb0&#8243; z_index=\u00bb0&#8243; medium_width=\u00bb0&#8243; mobile_width=\u00bb0&#8243; width=\u00bb1\/4&#8243; uncode_shortcode_id=\u00bb183555&#8243;][vc_column_text uncode_shortcode_id=\u00bb155058&#8243;]<span style=\"font-weight: 400;\">Nuestra vocaci\u00f3n de servicio es la que nos mueve a priorizar la relaci\u00f3n con todos nuestros clientes, escuchamos cada necesidad para darle una soluci\u00f3n espec\u00edfica.<\/span><\/p>\n<p><span style=\"font-weight: 400;\">Renovamos diariamente el compromiso, fortaleciendo y capacitando a nuestro equipo de trabajo, fomentando la pasi\u00f3n y la perseverancia a fin de promover relaciones de calidad con nuestros clientes y proveedores.<\/span>[\/vc_column_text][\/vc_column][\/vc_row][vc_row row_height_percent=\u00bb0&#8243; override_padding=\u00bbyes\u00bb h_padding=\u00bb2&#8243; top_padding=\u00bb3&#8243; bottom_padding=\u00bb3&#8243; back_color=\u00bbaccent\u00bb overlay_alpha=\u00bb50&#8243; gutter_size=\u00bb4&#8243; column_width_percent=\u00bb100&#8243; shift_y=\u00bb0&#8243; z_index=\u00bb0&#8243; uncode_shortcode_id=\u00bb942518&#8243; back_color_type=\u00bbuncode-palette\u00bb][vc_column column_width_percent=\u00bb100&#8243; align_horizontal=\u00bbalign_center\u00bb gutter_size=\u00bb2&#8243; style=\u00bbdark\u00bb overlay_alpha=\u00bb50&#8243; shift_x=\u00bb0&#8243; shift_y=\u00bb0&#8243; shift_y_down=\u00bb0&#8243; z_index=\u00bb0&#8243; medium_width=\u00bb3&#8243; mobile_width=\u00bb0&#8243; width=\u00bb1\/3&#8243; uncode_shortcode_id=\u00bb194597&#8243;][uncode_counter value=\u00bb+50&#8243; counter_color=\u00bb\u00bb font=\u00bbfont-339240&#8243; size=\u00bbfontsize-155944&#8243; weight=\u00bb400&#8243; height=\u00bbfontheight-179065&#8243; text_space=\u00bbfontspace-781688&#8243; suffix=\u00bba\u00f1os\u00bb uncode_shortcode_id=\u00bb196495&#8243;][vc_custom_heading heading_semantic=\u00bbh3&#8243; text_font=\u00bbfont-891375&#8243; text_size=\u00bbfontsize-160000&#8243; text_weight=\u00bb400&#8243; text_height=\u00bbfontheight-357766&#8243; text_space=\u00bbfontspace-781688&#8243; uncode_shortcode_id=\u00bb227194&#8243;]TRAYECTORIA[\/vc_custom_heading][\/vc_column][vc_column column_width_percent=\u00bb100&#8243; align_horizontal=\u00bbalign_center\u00bb gutter_size=\u00bb2&#8243; style=\u00bbdark\u00bb overlay_alpha=\u00bb50&#8243; shift_x=\u00bb0&#8243; shift_y=\u00bb0&#8243; shift_y_down=\u00bb0&#8243; z_index=\u00bb0&#8243; medium_width=\u00bb3&#8243; mobile_width=\u00bb0&#8243; width=\u00bb1\/3&#8243; uncode_shortcode_id=\u00bb557512&#8243;][uncode_counter value=\u00bb+396000&#8243; counter_color=\u00bb\u00bb font=\u00bbfont-339240&#8243; size=\u00bbfontsize-155944&#8243; weight=\u00bb400&#8243; transform=\u00bblowercase\u00bb height=\u00bbfontheight-179065&#8243; text_space=\u00bbfontspace-781688&#8243; uncode_shortcode_id=\u00bb543451&#8243; suffix=\u00bbm2&#8243;][vc_custom_heading heading_semantic=\u00bbh3&#8243; text_font=\u00bbfont-891375&#8243; text_size=\u00bbfontsize-160000&#8243; text_weight=\u00bb400&#8243; text_height=\u00bbfontheight-357766&#8243; text_space=\u00bbfontspace-781688&#8243; uncode_shortcode_id=\u00bb993828&#8243;]DURLOCK POR A\u00d1O[\/vc_custom_heading][\/vc_column][vc_column column_width_percent=\u00bb100&#8243; align_horizontal=\u00bbalign_center\u00bb gutter_size=\u00bb2&#8243; style=\u00bbdark\u00bb overlay_alpha=\u00bb50&#8243; shift_x=\u00bb0&#8243; shift_y=\u00bb0&#8243; shift_y_down=\u00bb0&#8243; z_index=\u00bb0&#8243; medium_width=\u00bb3&#8243; mobile_width=\u00bb0&#8243; width=\u00bb1\/3&#8243; uncode_shortcode_id=\u00bb472432&#8243;][uncode_counter value=\u00bb+3600&#8243; counter_color=\u00bb\u00bb font=\u00bbfont-339240&#8243; size=\u00bbfontsize-155944&#8243; weight=\u00bb400&#8243; height=\u00bbfontheight-179065&#8243; text_space=\u00bbfontspace-781688&#8243; suffix=\u00bbtn\u00bb uncode_shortcode_id=\u00bb350255&#8243;][vc_custom_heading heading_semantic=\u00bbh3&#8243; text_font=\u00bbfont-891375&#8243; text_size=\u00bbfontsize-160000&#8243; text_weight=\u00bb400&#8243; text_height=\u00bbfontheight-357766&#8243; text_space=\u00bbfontspace-781688&#8243; uncode_shortcode_id=\u00bb128382&#8243;]ACERO POR A\u00d1O[\/vc_custom_heading][\/vc_column][\/vc_row][vc_row row_height_percent=\u00bb0&#8243; override_padding=\u00bbyes\u00bb h_padding=\u00bb2&#8243; top_padding=\u00bb3&#8243; bottom_padding=\u00bb3&#8243; back_color=\u00bbcolor-rgdb\u00bb overlay_alpha=\u00bb50&#8243; gutter_size=\u00bb0&#8243; column_width_percent=\u00bb100&#8243; shift_y=\u00bb0&#8243; z_index=\u00bb0&#8243; desktop_visibility=\u00bbyes\u00bb medium_visibility=\u00bbyes\u00bb mobile_visibility=\u00bbyes\u00bb inverted_device_order=\u00bbyes\u00bb auto_height_device=\u00bbyes\u00bb style=\u00bbinherited\u00bb uncode_shortcode_id=\u00bb672816&#8243; back_color_type=\u00bbuncode-palette\u00bb][vc_column column_width_percent=\u00bb100&#8243; gutter_size=\u00bb3&#8243; font_family=\u00bbfont-136269&#8243; overlay_alpha=\u00bb50&#8243; shift_x=\u00bb0&#8243; shift_y=\u00bb0&#8243; shift_y_down=\u00bb0&#8243; z_index=\u00bb0&#8243; medium_width=\u00bb0&#8243; mobile_width=\u00bb0&#8243; width=\u00bb1\/1&#8243; uncode_shortcode_id=\u00bb978959&#8243;][vc_custom_heading text_color=\u00bbaccent\u00bb heading_semantic=\u00bbh6&#8243; text_font=\u00bbfont-136269&#8243; text_size=\u00bbfontsize-160000&#8243; text_transform=\u00bbuppercase\u00bb text_space=\u00bbfontspace-135905&#8243; uncode_shortcode_id=\u00bb151011&#8243; text_color_type=\u00bbuncode-palette\u00bb]Nosotros[\/vc_custom_heading][vc_gallery el_id=\u00bbgallery-337783&#8243; type=\u00bbcarousel\u00bb medias=\u00bb13762,12169,13762,12169,12169,12169&#8243; carousel_lg=\u00bb3&#8243; carousel_md=\u00bb2&#8243; carousel_sm=\u00bb1&#8243; thumb_size=\u00bbfour-five\u00bb gutter_size=\u00bb4&#8243; media_items=\u00bbmedia|nolink|original,title,caption\u00bb carousel_interval=\u00bb0&#8243; carousel_navspeed=\u00bb400&#8243; carousel_loop=\u00bbyes\u00bb carousel_overflow=\u00bbyes\u00bb carousel_half_opacity=\u00bbyes\u00bb carousel_pointer_events=\u00bbyes\u00bb stage_padding=\u00bb0&#8243; single_text=\u00bbunder\u00bb single_style=\u00bbdark\u00bb single_shape=\u00bbround\u00bb radius=\u00bbxs\u00bb single_overlay_opacity=\u00bb50&#8243; single_overlay_anim=\u00bbno\u00bb single_text_anim=\u00bbno\u00bb single_image_anim=\u00bbno\u00bb single_h_align=\u00bbcenter\u00bb single_padding=\u00bb2&#8243; single_title_family=\u00bbfont-136269&#8243; single_title_dimension=\u00bbh4&#8243; single_title_weight=\u00bb400&#8243; single_title_space=\u00bbfontspace-111509&#8243; single_border=\u00bbyes\u00bb carousel_rtl=\u00bb\u00bb single_half_padding=\u00bb\u00bb single_title_uppercase=\u00bb\u00bb single_title_serif=\u00bb\u00bb single_no_background=\u00bb\u00bb uncode_shortcode_id=\u00bb206538&#8243;][\/vc_column][\/vc_row][vc_row row_height_percent=\u00bb0&#8243; override_padding=\u00bbyes\u00bb h_padding=\u00bb2&#8243; top_padding=\u00bb7&#8243; bottom_padding=\u00bb7&#8243; back_color=\u00bbcolor-wayh\u00bb back_image=\u00bb118110&#8243; overlay_color=\u00bbcolor-jevc\u00bb overlay_alpha=\u00bb40&#8243; gutter_size=\u00bb3&#8243; column_width_use_pixel=\u00bbyes\u00bb shift_y=\u00bb0&#8243; z_index=\u00bb0&#8243; top_divider=\u00bbfan-opacity\u00bb bottom_divider=\u00bbswoosh-opacity\u00bb column_width_pixel=\u00bb400&#8243; uncode_shortcode_id=\u00bb298829&#8243; back_color_type=\u00bbuncode-palette\u00bb overlay_color_type=\u00bbuncode-palette\u00bb][vc_column column_width_percent=\u00bb100&#8243; position_vertical=\u00bbmiddle\u00bb align_horizontal=\u00bbalign_center\u00bb gutter_size=\u00bb3&#8243; style=\u00bbdark\u00bb overlay_alpha=\u00bb50&#8243; shift_x=\u00bb0&#8243; shift_y=\u00bb0&#8243; shift_y_down=\u00bb0&#8243; z_index=\u00bb0&#8243; medium_width=\u00bb0&#8243; mobile_width=\u00bb0&#8243; width=\u00bb1\/1&#8243; uncode_shortcode_id=\u00bb161949&#8243; mobile_height=\u00bb320&#8243;][vc_icon icon=\u00bbfa fa-play\u00bb background_style=\u00bbfa-rounded\u00bb size=\u00bbfa-3x\u00bb icon_automatic=\u00bbyes\u00bb shadow=\u00bbyes\u00bb media_lightbox=\u00bb118283&#8243; uncode_shortcode_id=\u00bb384565&#8243; link=\u00bburl:https%3A%2F%2Fyoutu.be%2FNjSwk5IXeiM\u00bb][\/vc_icon][\/vc_column][\/vc_row][vc_row row_height_percent=\u00bb0&#8243; override_padding=\u00bbyes\u00bb h_padding=\u00bb4&#8243; top_padding=\u00bb2&#8243; bottom_padding=\u00bb2&#8243; back_color=\u00bbaccent\u00bb overlay_alpha=\u00bb50&#8243; gutter_size=\u00bb4&#8243; column_width_percent=\u00bb100&#8243; shift_y=\u00bb0&#8243; z_index=\u00bb0&#8243; uncode_shortcode_id=\u00bb370356&#8243; back_color_type=\u00bbuncode-palette\u00bb][vc_column column_width_percent=\u00bb100&#8243; gutter_size=\u00bb3&#8243; style=\u00bbdark\u00bb overlay_alpha=\u00bb50&#8243; shift_x=\u00bb0&#8243; shift_y=\u00bb0&#8243; shift_y_down=\u00bb0&#8243; z_index=\u00bb0&#8243; medium_width=\u00bb0&#8243; mobile_width=\u00bb0&#8243; width=\u00bb1\/4&#8243;][vc_single_image media=\u00bb117807&#8243; media_width_percent=\u00bb40&#8243; css_animation=\u00bbzoom-out\u00bb uncode_shortcode_id=\u00bb429372&#8243;][uncode_socials size=\u00bblead\u00bb css_animation=\u00bbzoom-out\u00bb][\/vc_column][vc_column column_width_percent=\u00bb100&#8243; gutter_size=\u00bb3&#8243; style=\u00bbdark\u00bb overlay_alpha=\u00bb50&#8243; shift_x=\u00bb0&#8243; shift_y=\u00bb0&#8243; shift_y_down=\u00bb0&#8243; z_index=\u00bb0&#8243; medium_width=\u00bb0&#8243; mobile_width=\u00bb0&#8243; width=\u00bb3\/4&#8243;][vc_custom_heading heading_semantic=\u00bbh5&#8243; text_font=\u00bbfont-339240&#8243; text_size=\u00bbh4&#8243; css_animation=\u00bbzoom-out\u00bb uncode_shortcode_id=\u00bb633668&#8243;]Descubrinos[\/vc_custom_heading][vc_row_inner][vc_column_inner column_width_percent=\u00bb100&#8243; gutter_size=\u00bb3&#8243; style=\u00bbdark\u00bb overlay_alpha=\u00bb50&#8243; shift_x=\u00bb0&#8243; shift_y=\u00bb0&#8243; shift_y_down=\u00bb0&#8243; z_index=\u00bb0&#8243; medium_width=\u00bb0&#8243; mobile_width=\u00bb0&#8243; css_animation=\u00bbbottom-t-top\u00bb parallax_intensity=\u00bb1&#8243; width=\u00bb1\/3&#8243; uncode_shortcode_id=\u00bb113956&#8243;][uncode_list icon=\u00bbfa fa-arrow-right3&#8243; uncode_shortcode_id=\u00bb175125&#8243;]<\/p>\n<ul>\n<li><a style=\"color: #fff !important;\" href=\"https:\/\/galvylam.com\/index.php\/pages\/empresa\/\">Empresa<\/a><\/li>\n<li><a style=\"color: #fff !important;\" href=\"https:\/\/galvylam.com\/index.php\/productos\/\">Productos<\/a><\/li>\n<\/ul>\n<p>[\/uncode_list][\/vc_column_inner][vc_column_inner column_width_percent=\u00bb100&#8243; gutter_size=\u00bb3&#8243; style=\u00bbdark\u00bb overlay_alpha=\u00bb50&#8243; shift_x=\u00bb0&#8243; shift_y=\u00bb0&#8243; shift_y_down=\u00bb0&#8243; z_index=\u00bb0&#8243; medium_width=\u00bb0&#8243; mobile_width=\u00bb0&#8243; css_animation=\u00bbbottom-t-top\u00bb parallax_intensity=\u00bb1&#8243; width=\u00bb1\/3&#8243; uncode_shortcode_id=\u00bb585652&#8243;][uncode_list icon=\u00bbfa fa-arrow-right3&#8243; uncode_shortcode_id=\u00bb608976&#8243;]<\/p>\n<ul>\n<li><a style=\"color: #fff !important;\" href=\"https:\/\/galvylam.com\/#servicios\">Servicios<\/a><\/li>\n<li><a style=\"color: #fff !important;\" href=\"https:\/\/galvylam.com\/index.php\/capacitaciones\/\">Capacitaciones<\/a><\/li>\n<\/ul>\n<p>[\/uncode_list][\/vc_column_inner][vc_column_inner column_width_percent=\u00bb100&#8243; gutter_size=\u00bb3&#8243; style=\u00bbdark\u00bb overlay_alpha=\u00bb50&#8243; shift_x=\u00bb0&#8243; shift_y=\u00bb0&#8243; shift_y_down=\u00bb0&#8243; z_index=\u00bb0&#8243; medium_width=\u00bb0&#8243; mobile_width=\u00bb0&#8243; css_animation=\u00bbbottom-t-top\u00bb parallax_intensity=\u00bb1&#8243; width=\u00bb1\/3&#8243; uncode_shortcode_id=\u00bb179073&#8243;][uncode_list icon=\u00bbfa fa-arrow-right3&#8243; uncode_shortcode_id=\u00bb111799&#8243;]<\/p>\n<ul>\n<li><a style=\"color: #fff !important;\" href=\"https:\/\/galvylam.com\/#noticias\">Noticias<\/a><\/li>\n<li><a style=\"color: #fff !important;\" href=\"https:\/\/galvylam.com\/index.php\/trabaja_con_nosotros\/\">Trabaj\u00e1 con nosotros<\/a><\/li>\n<\/ul>\n<p>[\/uncode_list][\/vc_column_inner][\/vc_row_inner][\/vc_column][\/vc_row][vc_row row_height_percent=\u00bb0&#8243; back_color=\u00bbaccent\u00bb overlay_alpha=\u00bb50&#8243; gutter_size=\u00bb3&#8243; column_width_percent=\u00bb100&#8243; shift_y=\u00bb0&#8243; z_index=\u00bb0&#8243; uncode_shortcode_id=\u00bb182028&#8243; back_color_type=\u00bbuncode-palette\u00bb][vc_column column_width_percent=\u00bb100&#8243; position_vertical=\u00bbmiddle\u00bb align_horizontal=\u00bbalign_center\u00bb gutter_size=\u00bb3&#8243; overlay_alpha=\u00bb50&#8243; shift_x=\u00bb0&#8243; shift_y=\u00bb0&#8243; shift_y_down=\u00bb0&#8243; z_index=\u00bb0&#8243; medium_width=\u00bb0&#8243; mobile_width=\u00bb0&#8243; width=\u00bb1\/1&#8243; uncode_shortcode_id=\u00bb162077&#8243;][uncode_list icon=\u00bbfa fa-arrow-right3&#8243; uncode_shortcode_id=\u00bb743431&#8243;]<a style=\"color: #fff !important;\" href=\"https:\/\/iuhco.com\/\" target=\"_blank\" rel=\"noopener\">Design by <strong>IUH<\/strong><\/a>[\/uncode_list][\/vc_column][\/vc_row]<\/p>\n","protected":false},"excerpt":{"rendered":"<p>[vc_row row_height_percent=\u00bb0&#8243; override_padding=\u00bbyes\u00bb h_padding=\u00bb2&#8243; top_padding=\u00bb5&#8243; bottom_padding=\u00bb5&#8243; overlay_alpha=\u00bb50&#8243; gutter_size=\u00bb4&#8243; column_width_percent=\u00bb100&#8243; shift_y=\u00bb0&#8243; z_index=\u00bb1&#8243; top_divider=\u00bbgradient\u00bb bottom_divider=\u00bbgradient\u00bb][vc_column column_width_percent=\u00bb100&#8243; gutter_size=\u00bb2&#8243; overlay_alpha=\u00bb50&#8243; shift_x=\u00bb0&#8243; shift_y=\u00bb0&#8243; shift_y_down=\u00bb0&#8243; z_index=\u00bb0&#8243; [&hellip;]<\/p>\n","protected":false},"author":1,"featured_media":0,"parent":36601,"menu_order":0,"comment_status":"open","ping_status":"closed","template":"","meta":{"footnotes":""},"class_list":["post-3541","page","type-page","status-publish","hentry"],"yoast_head":"<!-- This site is optimized with the Yoast SEO plugin v27.0 - https:\/\/yoast.com\/product\/yoast-seo-wordpress\/ -->\n<title>EMPRESA - Galvylam<\/title>\n<meta name=\"robots\" content=\"index, follow, max-snippet:-1, max-image-preview:large, max-video-preview:-1\" \/>\n<link rel=\"canonical\" href=\"https:\/\/galvylam.com\/index.php\/pages\/empresa\/\" \/>\n<meta property=\"og:locale\" content=\"es_ES\" \/>\n<meta property=\"og:type\" content=\"article\" \/>\n<meta property=\"og:title\" content=\"EMPRESA - Galvylam\" \/>\n<meta property=\"og:description\" content=\"[vc_row row_height_percent=\u00bb0&#8243; override_padding=\u00bbyes\u00bb h_padding=\u00bb2&#8243; top_padding=\u00bb5&#8243; bottom_padding=\u00bb5&#8243; overlay_alpha=\u00bb50&#8243; gutter_size=\u00bb4&#8243; column_width_percent=\u00bb100&#8243; shift_y=\u00bb0&#8243; z_index=\u00bb1&#8243; top_divider=\u00bbgradient\u00bb bottom_divider=\u00bbgradient\u00bb][vc_column column_width_percent=\u00bb100&#8243; gutter_size=\u00bb2&#8243; overlay_alpha=\u00bb50&#8243; shift_x=\u00bb0&#8243; shift_y=\u00bb0&#8243; shift_y_down=\u00bb0&#8243; z_index=\u00bb0&#8243; [&hellip;]\" \/>\n<meta property=\"og:url\" content=\"https:\/\/galvylam.com\/index.php\/pages\/empresa\/\" \/>\n<meta property=\"og:site_name\" content=\"Galvylam\" \/>\n<meta property=\"article:modified_time\" content=\"2024-05-27T20:04:10+00:00\" \/>\n<meta name=\"twitter:card\" content=\"summary_large_image\" \/>\n<meta name=\"twitter:label1\" content=\"Tiempo de lectura\" \/>\n\t<meta name=\"twitter:data1\" content=\"3 minutos\" \/>\n<script type=\"application\/ld+json\" class=\"yoast-schema-graph\">{\"@context\":\"https:\/\/schema.org\",\"@graph\":[{\"@type\":\"WebPage\",\"@id\":\"https:\/\/galvylam.com\/index.php\/pages\/empresa\/\",\"url\":\"https:\/\/galvylam.com\/index.php\/pages\/empresa\/\",\"name\":\"EMPRESA - Galvylam\",\"isPartOf\":{\"@id\":\"https:\/\/galvylam.com\/#website\"},\"datePublished\":\"2014-12-11T16:50:51+00:00\",\"dateModified\":\"2024-05-27T20:04:10+00:00\",\"breadcrumb\":{\"@id\":\"https:\/\/galvylam.com\/index.php\/pages\/empresa\/#breadcrumb\"},\"inLanguage\":\"es\",\"potentialAction\":[{\"@type\":\"ReadAction\",\"target\":[\"https:\/\/galvylam.com\/index.php\/pages\/empresa\/\"]}]},{\"@type\":\"BreadcrumbList\",\"@id\":\"https:\/\/galvylam.com\/index.php\/pages\/empresa\/#breadcrumb\",\"itemListElement\":[{\"@type\":\"ListItem\",\"position\":1,\"name\":\"Portada\",\"item\":\"https:\/\/galvylam.com\/\"},{\"@type\":\"ListItem\",\"position\":2,\"name\":\"Pages\",\"item\":\"https:\/\/galvylam.com\/index.php\/pages\/\"},{\"@type\":\"ListItem\",\"position\":3,\"name\":\"EMPRESA\"}]},{\"@type\":\"WebSite\",\"@id\":\"https:\/\/galvylam.com\/#website\",\"url\":\"https:\/\/galvylam.com\/\",\"name\":\"Galvylam\",\"description\":\"Especialistas en construcci\u00f3n met\u00e1lica\",\"potentialAction\":[{\"@type\":\"SearchAction\",\"target\":{\"@type\":\"EntryPoint\",\"urlTemplate\":\"https:\/\/galvylam.com\/?s={search_term_string}\"},\"query-input\":{\"@type\":\"PropertyValueSpecification\",\"valueRequired\":true,\"valueName\":\"search_term_string\"}}],\"inLanguage\":\"es\"}]}<\/script>\n<!-- \/ Yoast SEO plugin. -->","yoast_head_json":{"title":"EMPRESA - Galvylam","robots":{"index":"index","follow":"follow","max-snippet":"max-snippet:-1","max-image-preview":"max-image-preview:large","max-video-preview":"max-video-preview:-1"},"canonical":"https:\/\/galvylam.com\/index.php\/pages\/empresa\/","og_locale":"es_ES","og_type":"article","og_title":"EMPRESA - Galvylam","og_description":"[vc_row row_height_percent=\u00bb0&#8243; override_padding=\u00bbyes\u00bb h_padding=\u00bb2&#8243; top_padding=\u00bb5&#8243; bottom_padding=\u00bb5&#8243; overlay_alpha=\u00bb50&#8243; gutter_size=\u00bb4&#8243; column_width_percent=\u00bb100&#8243; shift_y=\u00bb0&#8243; z_index=\u00bb1&#8243; top_divider=\u00bbgradient\u00bb bottom_divider=\u00bbgradient\u00bb][vc_column column_width_percent=\u00bb100&#8243; gutter_size=\u00bb2&#8243; overlay_alpha=\u00bb50&#8243; shift_x=\u00bb0&#8243; shift_y=\u00bb0&#8243; shift_y_down=\u00bb0&#8243; z_index=\u00bb0&#8243; [&hellip;]","og_url":"https:\/\/galvylam.com\/index.php\/pages\/empresa\/","og_site_name":"Galvylam","article_modified_time":"2024-05-27T20:04:10+00:00","twitter_card":"summary_large_image","twitter_misc":{"Tiempo de lectura":"3 minutos"},"schema":{"@context":"https:\/\/schema.org","@graph":[{"@type":"WebPage","@id":"https:\/\/galvylam.com\/index.php\/pages\/empresa\/","url":"https:\/\/galvylam.com\/index.php\/pages\/empresa\/","name":"EMPRESA - Galvylam","isPartOf":{"@id":"https:\/\/galvylam.com\/#website"},"datePublished":"2014-12-11T16:50:51+00:00","dateModified":"2024-05-27T20:04:10+00:00","breadcrumb":{"@id":"https:\/\/galvylam.com\/index.php\/pages\/empresa\/#breadcrumb"},"inLanguage":"es","potentialAction":[{"@type":"ReadAction","target":["https:\/\/galvylam.com\/index.php\/pages\/empresa\/"]}]},{"@type":"BreadcrumbList","@id":"https:\/\/galvylam.com\/index.php\/pages\/empresa\/#breadcrumb","itemListElement":[{"@type":"ListItem","position":1,"name":"Portada","item":"https:\/\/galvylam.com\/"},{"@type":"ListItem","position":2,"name":"Pages","item":"https:\/\/galvylam.com\/index.php\/pages\/"},{"@type":"ListItem","position":3,"name":"EMPRESA"}]},{"@type":"WebSite","@id":"https:\/\/galvylam.com\/#website","url":"https:\/\/galvylam.com\/","name":"Galvylam","description":"Especialistas en construcci\u00f3n met\u00e1lica","potentialAction":[{"@type":"SearchAction","target":{"@type":"EntryPoint","urlTemplate":"https:\/\/galvylam.com\/?s={search_term_string}"},"query-input":{"@type":"PropertyValueSpecification","valueRequired":true,"valueName":"search_term_string"}}],"inLanguage":"es"}]}},"_links":{"self":[{"href":"https:\/\/galvylam.com\/index.php\/wp-json\/wp\/v2\/pages\/3541","targetHints":{"allow":["GET"]}}],"collection":[{"href":"https:\/\/galvylam.com\/index.php\/wp-json\/wp\/v2\/pages"}],"about":[{"href":"https:\/\/galvylam.com\/index.php\/wp-json\/wp\/v2\/types\/page"}],"author":[{"embeddable":true,"href":"https:\/\/galvylam.com\/index.php\/wp-json\/wp\/v2\/users\/1"}],"replies":[{"embeddable":true,"href":"https:\/\/galvylam.com\/index.php\/wp-json\/wp\/v2\/comments?post=3541"}],"version-history":[{"count":0,"href":"https:\/\/galvylam.com\/index.php\/wp-json\/wp\/v2\/pages\/3541\/revisions"}],"up":[{"embeddable":true,"href":"https:\/\/galvylam.com\/index.php\/wp-json\/wp\/v2\/pages\/36601"}],"wp:attachment":[{"href":"https:\/\/galvylam.com\/index.php\/wp-json\/wp\/v2\/media?parent=3541"}],"curies":[{"name":"wp","href":"https:\/\/api.w.org\/{rel}","templated":true}]}}